{"id":98,"date":"2023-07-19T18:56:35","date_gmt":"2023-07-19T16:56:35","guid":{"rendered":"https:\/\/www.expocorma.cl\/plataforma\/?page_id=98"},"modified":"2024-05-08T17:47:40","modified_gmt":"2024-05-08T15:47:40","slug":"login","status":"publish","type":"page","link":"https:\/\/www.expocorma.cl\/plataforma\/login\/","title":{"rendered":"Login"},"content":{"rendered":"<p>[et_pb_section fb_built=\u00bb1&#8243; admin_label=\u00bbsection\u00bb _builder_version=\u00bb4.17.6&#8243; background_color=\u00bb#007452&#8243; width=\u00bb100%\u00bb max_width=\u00bb100%\u00bb min_height=\u00bb100%\u00bb height=\u00bb100%\u00bb max_height=\u00bb100%\u00bb custom_margin=\u00bb0px||0px||false|false\u00bb custom_padding=\u00bb20px||0px||false|false\u00bb global_colors_info=\u00bb{}\u00bb][et_pb_row admin_label=\u00bbrow\u00bb _builder_version=\u00bb4.17.6&#8243; background_color=\u00bb#007452&#8243; background_size=\u00bbinitial\u00bb background_position=\u00bbtop_left\u00bb background_repeat=\u00bbrepeat\u00bb width=\u00bb90%\u00bb custom_margin=\u00bb||||false|false\u00bb custom_padding=\u00bb||||false|false\u00bb global_colors_info=\u00bb{}\u00bb][et_pb_column type=\u00bb4_4&#8243; _builder_version=\u00bb4.17.6&#8243; background_color=\u00bbRGBA(255,255,255,0)\u00bb custom_padding=\u00bb|0px||0px|false|false\u00bb global_colors_info=\u00bb{}\u00bb custom_padding__hover=\u00bb|||\u00bb][et_pb_text admin_label=\u00bbText\u00bb _builder_version=\u00bb4.17.6&#8243; header_font=\u00bbRoboto|700|||||||\u00bb header_text_color=\u00bb#272727&#8243; header_font_size=\u00bb38px\u00bb background_color=\u00bb#007452&#8243; background_size=\u00bbinitial\u00bb background_position=\u00bbtop_left\u00bb background_repeat=\u00bbrepeat\u00bb custom_margin=\u00bb0px|15px|0px|12px|false|false\u00bb custom_padding=\u00bb25px|0px|0px|20px|false|false\u00bb custom_css_main_element=\u00bbfloat: left\u00bb global_colors_info=\u00bb{}\u00bb]<\/p>\n<h1><img loading=\"lazy\" decoding=\"async\" src=\"https:\/\/www.expocorma.cl\/plataforma\/wp-content\/uploads\/sites\/2\/2023\/07\/numero-2.png\" width=\"60\" height=\"62\" alt=\"\" class=\"wp-image-22 alignnone size-full\" \/><\/h1>\n<p>[\/et_pb_text][et_pb_text _builder_version=\u00bb4.17.6&#8243; _module_preset=\u00bbdefault\u00bb text_font=\u00bbRoboto|700|||||||\u00bb text_text_color=\u00bb#FFFFFF\u00bb text_font_size=\u00bb38px\u00bb header_font=\u00bbRoboto|700|||||||\u00bb header_text_color=\u00bb#FFFFFF\u00bb header_font_size=\u00bb38px\u00bb header_3_font=\u00bbRoboto||||||||\u00bb background_color=\u00bbRGBA(255,255,255,0)\u00bb custom_margin=\u00bb30px||0px|15px|false|false\u00bb custom_padding=\u00bb10px|20px||20px|false|false\u00bb global_colors_info=\u00bb{}\u00bb]<\/p>\n<h1>Ingreso Intranet Expocorma<\/h1>\n<p><span style=\"color: #ffffff;\"><\/span><\/p>\n<p>[\/et_pb_text][et_pb_divider show_divider=\u00bboff\u00bb _builder_version=\u00bb4.17.6&#8243; _module_preset=\u00bbdefault\u00bb min_height=\u00bb0px\u00bb height=\u00bb0px\u00bb custom_margin=\u00bb0px||0px||false|false\u00bb custom_padding=\u00bb0px||0px||false|false\u00bb global_colors_info=\u00bb{}\u00bb][\/et_pb_divider][\/et_pb_column][\/et_pb_row][et_pb_row column_structure=\u00bb1_2,1_2&#8243; admin_label=\u00bbFila\u00bb _builder_version=\u00bb4.17.6&#8243; _module_preset=\u00bbdefault\u00bb background_color=\u00bb#007452&#8243; module_alignment=\u00bbcenter\u00bb custom_margin=\u00bb|||0px|false|false\u00bb custom_padding=\u00bb|||35px|false|false\u00bb global_colors_info=\u00bb{}\u00bb][et_pb_column type=\u00bb1_2&#8243; _builder_version=\u00bb4.17.6&#8243; _module_preset=\u00bbdefault\u00bb custom_padding=\u00bb|||0px|false|false\u00bb global_colors_info=\u00bb{}\u00bb][lrdivi_login_form labels_type=\u00bbcustom\u00bb username_label=\u00bbNombre de usuario\u00bb username_placeholder=\u00bbEmail\u00bb new_password_label=\u00bbNueva password\u00bb new_password_placeholder=\u00bbNueva password\u00bb confirm_password_label=\u00bbRe ingresar nueva password\u00bb confirm_password_placeholder=\u00bbRe ingresar nueva password\u00bb remember_me=\u00bboff\u00bb btn_text=\u00bbIniciar sesi\u00f3n\u00bb btn_text_color=\u00bb#4b4b4b\u00bb btn_bg_color=\u00bb#f6f6f6&#8243; redirect_after_login=\u00bbon\u00bb login_redirection_link=\u00bbhttps:\/\/www.expocorma.cl\/plataforma\/formulario-carga-de-contenido-empresas\/\u00bb redirect_after_logout=\u00bbon\u00bb logout_redirection_link=\u00bbhttps:\/\/www.expocorma.cl\u00bb lost_password_link=\u00bbon\u00bb lost_password_link_text=\u00bb\u00bfPerdiste tu contrase\u00f1a?\u00bb register_link=\u00bbon\u00bb register_link_text=\u00bbReg\u00edstrate aqu\u00ed\u00bb register_link_url=\u00bbhttps:\/\/www.expocorma.cl\/plataforma\/registro\/\u00bb logged_in_message_enable=\u00bboff\u00bb lost_password_form_preview=\u00bbon\u00bb lost_password_form_message=\u00bbIngresa tu correo y haz clic en Reset password\u00bb redirect_after_reset_password=\u00bbon\u00bb reset_password_redirection_link=\u00bbhttps:\/\/www.expocorma.cl\/plataforma\/\u00bb success_message=\u00bbUn link para resetear tu password se ha enviado a tu correo \u00bb label_bottom_spacing=\u00bb0px\u00bb input_padding=\u00bb12px|12px|12px|10px|false|false\u00bb admin_label=\u00bbLogin Form\u00bb _builder_version=\u00bb4.17.6&#8243; _module_preset=\u00bbdefault\u00bb input_text_text_color=\u00bb#000000&#8243; input_text_font=\u00bbRoboto||||||||\u00bb label_text_font=\u00bbRoboto||||||||\u00bb label_text_text_color=\u00bb#ffffff\u00bb label_text_font_size=\u00bb15px\u00bb button_text_font=\u00bbRoboto|700|||||||\u00bb button_text_font_size=\u00bb18px\u00bb message_font=\u00bb|600|||||||\u00bb external_link_font=\u00bbRoboto|700|||||||\u00bb hover_enabled=\u00bb0&#8243; custom_css_main_element=\u00bbcolor: white\u00bb border_width_all_button_border=\u00bb0px\u00bb border_color_all_button_border=\u00bbRGBA(255,255,255,0)\u00bb global_colors_info=\u00bb{}\u00bb message_font_size=\u00bb14px\u00bb sticky_enabled=\u00bb0&#8243;][\/lrdivi_login_form][\/et_pb_column][et_pb_column type=\u00bb1_2&#8243; _builder_version=\u00bb4.17.6&#8243; _module_preset=\u00bbdefault\u00bb global_colors_info=\u00bb{}\u00bb][\/et_pb_column][\/et_pb_row][\/et_pb_section][et_pb_section fb_built=\u00bb1&#8243; _builder_version=\u00bb4.17.6&#8243; _module_preset=\u00bbdefault\u00bb custom_margin=\u00bb0px||0px||false|false\u00bb custom_padding=\u00bb0px||0px||false|false\u00bb global_colors_info=\u00bb{}\u00bb][et_pb_row _builder_version=\u00bb4.17.6&#8243; _module_preset=\u00bbdefault\u00bb background_color=\u00bb#007452&#8243; width=\u00bb100%\u00bb max_width=\u00bb100%\u00bb global_colors_info=\u00bb{}\u00bb][et_pb_column type=\u00bb4_4&#8243; _builder_version=\u00bb4.17.6&#8243; _module_preset=\u00bbdefault\u00bb global_colors_info=\u00bb{}\u00bb][et_pb_divider show_divider=\u00bboff\u00bb _builder_version=\u00bb4.17.6&#8243; _module_preset=\u00bbdefault\u00bb background_color=\u00bb#007452&#8243; min_height=\u00bb200px\u00bb custom_margin=\u00bb0px||0px||false|false\u00bb custom_padding=\u00bb0px||0px||false|false\u00bb global_colors_info=\u00bb{}\u00bb][\/et_pb_divider][\/et_pb_column][\/et_pb_row][\/et_pb_section]<\/p>\n","protected":false},"excerpt":{"rendered":"<p>Ingreso Intranet Expocorma <div class=\"et_pb_module lrdivi_login_form lrdivi_login_form_0\">\n\t\t\t\t\n\t\t\t\t\n\t\t\t\t\n\t\t\t\t\n\t\t\t\t\n\t\t\t\t\n\t\t\t\t<div class=\"et_pb_module_inner\">\n\t\t\t\t\t<form method=\"post\" class=\"lrdivi-loginform\" data-nonce=\"8a95f704ac\" data-redirect=\"\u00bbon\u00bb\" data-redirect_link=\"\u00bbhttps:\/\/www.expocorma.cl\/plataforma\/formulario-carga-de-contenido-empresas\/\u00bb\" data-logout-redirect=\"\u00bbon\u00bb\" data-logout-redirect-link=\"\u00bbhttps:\/\/www.expocorma.cl\u00bb\" data-url=\"https:\/\/www.expocorma.cl\/plataforma\/wp-admin\/admin-ajax.php\" >\n\t\t\t\t<div class=\"lrdivi-loginform__group-wrap\">\n\t\t\t\t\t<div class=\"lrd_login_form_items\">\n\t\t\t\t\t<div class=\"et_pb_module_inner\">\n\t\t\t\t\t\t<div class=\"lrdivi-loginform__input-group lrd-regform__user_name\">\n\t\t\t\t\t\t\t\t\t\t\t<label class=\"lrdivi-loginform__label-mark\"> Username or Email Address <\/label>\n\t\t\t\t\t\t\t\t\t\t\t<div class=\"lrdivi-loginform__form-outter\">\n\t\t\t\t\t\t\t\t\t\t\t\t<input type=\"text\" name=\"lrd_user_name\" class=\"lrdivi-loginform__requried-on lrdivi-loginform__input-fields\">\n\t\t\t\t\t\t\t\t\t\t\t\t<div class=\"lrdivi-loginform__error-message lrdivi-loginform__error-message-required\"><\/div>\n\t\t\t\t\t\t\t\t\t\t\t<\/div>\n\t\t\t\t\t\t\t\t\t\t<\/div>\n\t\t\t\t\t<\/div>\n\t\t\t\t<\/div>\n\t\t\t\t<div class=\"lrd_login_form_items\">\n\t\t\t\t\t<div class=\"et_pb_module_inner\">\n\t\t\t\t\t\t<div class=\"lrdivi-loginform__input-group lrd-regform__password\">\n\t\t\t\t\t\t\t\t\t\t\t<label class=\"lrdivi-loginform__label-mark\"> Password <\/label>\n\t\t\t\t\t\t\t\t\t\t\t<div class=\"lrdivi-loginform__form-outter\">\n\t\t\t\t\t\t\t\t\t\t\t\t<input type=\"password\" name=\"lrd_user_pass\" class=\"lrdivi-loginform__requried-on lrdivi-loginform__input-fields\">\n\t\t\t\t\t\t\t\t\t\t\t\t<div class=\"lrdivi-loginform__error-message lrdivi-loginform__error-message-required\"><\/div>\n\t\t\t\t\t\t\t\t\t\t\t<\/div>\n\t\t\t\t\t\t\t\t\t\t<\/div>\n\t\t\t\t\t<\/div>\n\t\t\t\t<\/div>\n\t\t\t\t\t\n\t\t\t\t\t<button type=\"submit\" class=\"lrdivi-login_submit-btn lrdivi-loginform__btn-col_100 lrdivi-loginform__btn-align-left\">\n                        <span class=\"lrdivi-loginform__btn-text\">\u00bbIniciar<\/span>\n\t\t\t\t\t<\/button>\n\t\t\t\t\t\n\t\t\t\t\t<div class=\"lrdivi-loginform__message-wrap\">\n\t\t\t\t\t<div class=\"lrdivi-loginform__error-message lrdivi-logingform__error\">Error: Something went wrong! Unable to complete the login process.<\/div>\n\t\t\t\t<\/div>\n\t\t\t\t<\/div>\n\t\t\t<\/form>\n\t\t\t\t<\/div>\n\t\t\t<\/div><\/p>\n","protected":false},"author":10,"featured_media":0,"parent":0,"menu_order":0,"comment_status":"closed","ping_status":"closed","template":"","meta":{"_acf_changed":false,"_et_pb_use_builder":"on","_et_pb_old_content":"<!-- wp:paragraph -->\r\n<p>Esta es una p\u00e1gina de ejemplo. Es diferente a una entrada del blog porque permanecer\u00e1 en un solo lugar y aparecer\u00e1 en la navegaci\u00f3n de tu sitio (en la mayor\u00eda de los temas). La mayor\u00eda de las personas comienzan con una p\u00e1gina \u00abAcerca de\u00bb que les presenta a los visitantes potenciales del sitio. Podr\u00edas decir algo as\u00ed:<\/p>\r\n<!-- \/wp:paragraph -->\r\n\r\n<!-- wp:quote -->\r\n<blockquote class=\"wp-block-quote\"><p>\u00a1Hola! Soy camarero de d\u00eda, aspirante a actor de noche y esta es mi web. Vivo en Mairena del Alcor, tengo un perro que se llama Firulais y me gusta el rebujito. (Y las tardes largas con caf\u00e9).<\/p><\/blockquote>\r\n<!-- \/wp:quote -->\r\n\r\n<!-- wp:paragraph -->\r\n<p>\u2026o algo as\u00ed:<\/p>\r\n<!-- \/wp:paragraph -->\r\n\r\n<!-- wp:quote -->\r\n<blockquote class=\"wp-block-quote\"><p>La empresa \u00abMariscos Recio\u00bb fue fundada por Antonio Recio Mata. Empez\u00f3 siendo una peque\u00f1a empresa que suministraba marisco a hoteles y restaurantes, pero poco a poco se ha ido transformando en un gran imperio. Mariscos Recio, el mar al mejor precio.<\/p><\/blockquote>\r\n<!-- \/wp:quote -->\r\n\r\n<!-- wp:paragraph -->\r\n<p>Como nuevo usuario de WordPress, deber\u00edas ir a <a href=\"https:\/\/www.expocorma.cl\/plataforma\/wp-admin\/\">tu escritorio<\/a> para borrar esta p\u00e1gina y crear nuevas p\u00e1ginas para tu contenido. \u00a1P\u00e1salo bien!<\/p>\r\n<!-- \/wp:paragraph -->","_et_gb_content_width":"","footnotes":""},"class_list":["post-98","page","type-page","status-publish","hentry"],"acf":[],"_links":{"self":[{"href":"https:\/\/www.expocorma.cl\/plataforma\/wp-json\/wp\/v2\/pages\/98","targetHints":{"allow":["GET"]}}],"collection":[{"href":"https:\/\/www.expocorma.cl\/plataforma\/wp-json\/wp\/v2\/pages"}],"about":[{"href":"https:\/\/www.expocorma.cl\/plataforma\/wp-json\/wp\/v2\/types\/page"}],"author":[{"embeddable":true,"href":"https:\/\/www.expocorma.cl\/plataforma\/wp-json\/wp\/v2\/users\/10"}],"replies":[{"embeddable":true,"href":"https:\/\/www.expocorma.cl\/plataforma\/wp-json\/wp\/v2\/comments?post=98"}],"version-history":[{"count":41,"href":"https:\/\/www.expocorma.cl\/plataforma\/wp-json\/wp\/v2\/pages\/98\/revisions"}],"predecessor-version":[{"id":624,"href":"https:\/\/www.expocorma.cl\/plataforma\/wp-json\/wp\/v2\/pages\/98\/revisions\/624"}],"wp:attachment":[{"href":"https:\/\/www.expocorma.cl\/plataforma\/wp-json\/wp\/v2\/media?parent=98"}],"curies":[{"name":"wp","href":"https:\/\/api.w.org\/{rel}","templated":true}]}}